{"id":2893,"date":"2014-09-27T01:37:50","date_gmt":"2014-09-27T01:37:50","guid":{"rendered":"https:\/\/www.atviceland.is\/?page_id=2893"},"modified":"2014-09-27T01:37:50","modified_gmt":"2014-09-27T01:37:50","slug":"news","status":"publish","type":"page","link":"https:\/\/atviceland.is\/en\/news\/","title":{"rendered":"News"},"content":{"rendered":"<p>Our website will soon be translated to english.<\/p>\n","protected":false},"excerpt":{"rendered":"<p>Our website will soon be translated to english.<\/p>\n","protected":false},"author":2,"featured_media":0,"parent":0,"menu_order":0,"comment_status":"open","ping_status":"open","template":"blog-template3.php","meta":{"_acf_changed":false,"footnotes":""},"class_list":["post-2893","page","type-page","status-publish","hentry","no-post-thumbnail"],"acf":[],"yoast_head":"<!-- This site is optimized with the Yoast SEO plugin v27.4 - https:\/\/yoast.com\/product\/yoast-seo-wordpress\/ -->\n<title>News - \u00d3bygg\u00f0afer\u00f0ir<\/title>\n<meta name=\"robots\" content=\"index, follow, max-snippet:-1, max-image-preview:large, max-video-preview:-1\" \/>\n<link rel=\"canonical\" href=\"https:\/\/atviceland.is\/en\/news\/\" \/>\n<meta property=\"og:locale\" content=\"en_US\" \/>\n<meta property=\"og:type\" content=\"article\" \/>\n<meta property=\"og:title\" content=\"News - \u00d3bygg\u00f0afer\u00f0ir\" \/>\n<meta property=\"og:description\" content=\"Our website will soon be translated to english.\" \/>\n<meta property=\"og:url\" content=\"https:\/\/atviceland.is\/en\/news\/\" \/>\n<meta property=\"og:site_name\" content=\"\u00d3bygg\u00f0afer\u00f0ir\" \/>\n<script type=\"application\/ld+json\" class=\"yoast-schema-graph\">{\"@context\":\"https:\\\/\\\/schema.org\",\"@graph\":[{\"@type\":\"WebPage\",\"@id\":\"https:\\\/\\\/atviceland.is\\\/en\\\/news\\\/\",\"url\":\"https:\\\/\\\/atviceland.is\\\/en\\\/news\\\/\",\"name\":\"News - \u00d3bygg\u00f0afer\u00f0ir\",\"isPartOf\":{\"@id\":\"https:\\\/\\\/atviceland.is\\\/#website\"},\"datePublished\":\"2014-09-27T01:37:50+00:00\",\"breadcrumb\":{\"@id\":\"https:\\\/\\\/atviceland.is\\\/en\\\/news\\\/#breadcrumb\"},\"inLanguage\":\"en-US\",\"potentialAction\":[{\"@type\":\"ReadAction\",\"target\":[\"https:\\\/\\\/atviceland.is\\\/en\\\/news\\\/\"]}]},{\"@type\":\"BreadcrumbList\",\"@id\":\"https:\\\/\\\/atviceland.is\\\/en\\\/news\\\/#breadcrumb\",\"itemListElement\":[{\"@type\":\"ListItem\",\"position\":1,\"name\":\"Home\",\"item\":\"https:\\\/\\\/atviceland.is\\\/en\\\/\"},{\"@type\":\"ListItem\",\"position\":2,\"name\":\"News\"}]},{\"@type\":\"WebSite\",\"@id\":\"https:\\\/\\\/atviceland.is\\\/#website\",\"url\":\"https:\\\/\\\/atviceland.is\\\/\",\"name\":\"\u00d3bygg\u00f0afer\u00f0ir\",\"description\":\"Spennandi fj\u00f3rhj\u00f3lafer\u00f0ir \u00ed gullfallegu umhverfi\",\"potentialAction\":[{\"@type\":\"SearchAction\",\"target\":{\"@type\":\"EntryPoint\",\"urlTemplate\":\"https:\\\/\\\/atviceland.is\\\/?s={search_term_string}\"},\"query-input\":{\"@type\":\"PropertyValueSpecification\",\"valueRequired\":true,\"valueName\":\"search_term_string\"}}],\"inLanguage\":\"en-US\"}]}<\/script>\n<!-- \/ Yoast SEO plugin. -->","yoast_head_json":{"title":"News - \u00d3bygg\u00f0afer\u00f0ir","robots":{"index":"index","follow":"follow","max-snippet":"max-snippet:-1","max-image-preview":"max-image-preview:large","max-video-preview":"max-video-preview:-1"},"canonical":"https:\/\/atviceland.is\/en\/news\/","og_locale":"en_US","og_type":"article","og_title":"News - \u00d3bygg\u00f0afer\u00f0ir","og_description":"Our website will soon be translated to english.","og_url":"https:\/\/atviceland.is\/en\/news\/","og_site_name":"\u00d3bygg\u00f0afer\u00f0ir","schema":{"@context":"https:\/\/schema.org","@graph":[{"@type":"WebPage","@id":"https:\/\/atviceland.is\/en\/news\/","url":"https:\/\/atviceland.is\/en\/news\/","name":"News - \u00d3bygg\u00f0afer\u00f0ir","isPartOf":{"@id":"https:\/\/atviceland.is\/#website"},"datePublished":"2014-09-27T01:37:50+00:00","breadcrumb":{"@id":"https:\/\/atviceland.is\/en\/news\/#breadcrumb"},"inLanguage":"en-US","potentialAction":[{"@type":"ReadAction","target":["https:\/\/atviceland.is\/en\/news\/"]}]},{"@type":"BreadcrumbList","@id":"https:\/\/atviceland.is\/en\/news\/#breadcrumb","itemListElement":[{"@type":"ListItem","position":1,"name":"Home","item":"https:\/\/atviceland.is\/en\/"},{"@type":"ListItem","position":2,"name":"News"}]},{"@type":"WebSite","@id":"https:\/\/atviceland.is\/#website","url":"https:\/\/atviceland.is\/","name":"\u00d3bygg\u00f0afer\u00f0ir","description":"Spennandi fj\u00f3rhj\u00f3lafer\u00f0ir \u00ed gullfallegu umhverfi","potentialAction":[{"@type":"SearchAction","target":{"@type":"EntryPoint","urlTemplate":"https:\/\/atviceland.is\/?s={search_term_string}"},"query-input":{"@type":"PropertyValueSpecification","valueRequired":true,"valueName":"search_term_string"}}],"inLanguage":"en-US"}]}},"_links":{"self":[{"href":"https:\/\/atviceland.is\/en\/wp-json\/wp\/v2\/pages\/2893","targetHints":{"allow":["GET"]}}],"collection":[{"href":"https:\/\/atviceland.is\/en\/wp-json\/wp\/v2\/pages"}],"about":[{"href":"https:\/\/atviceland.is\/en\/wp-json\/wp\/v2\/types\/page"}],"author":[{"embeddable":true,"href":"https:\/\/atviceland.is\/en\/wp-json\/wp\/v2\/users\/2"}],"replies":[{"embeddable":true,"href":"https:\/\/atviceland.is\/en\/wp-json\/wp\/v2\/comments?post=2893"}],"version-history":[{"count":0,"href":"https:\/\/atviceland.is\/en\/wp-json\/wp\/v2\/pages\/2893\/revisions"}],"wp:attachment":[{"href":"https:\/\/atviceland.is\/en\/wp-json\/wp\/v2\/media?parent=2893"}],"curies":[{"name":"wp","href":"https:\/\/api.w.org\/{rel}","templated":true}]}}