{"id":2896,"date":"2014-09-27T01:41:22","date_gmt":"2014-09-27T01:41:22","guid":{"rendered":"https:\/\/www.atviceland.is\/?page_id=2896"},"modified":"2019-07-30T15:11:02","modified_gmt":"2019-07-30T15:11:02","slug":"contact","status":"publish","type":"page","link":"https:\/\/atviceland.is\/en\/contact\/","title":{"rendered":"Contact"},"content":{"rendered":"<div class=\"wpb-content-wrapper\">[vc_row][vc_column width=&#8221;1\/2&#8243;]<div class=\"vision-icon-box  kKFHDYZP\"><span class=\"fa-stack fa-4x\"><i class=\"fa fa-circle fa-stack-2x\"><\/i><i class=\"fa fa-home fa-stack-1x fa-inverse\"><\/i><\/span>\n<h3><span style=\"color: #ffffff;\">ATV &#8211; \u00d3bygg\u00f0afer\u00f0ir<\/span><\/h3>\n<p style=\"color: #424242; font-size: 18px;\"><span style=\"color: #ffffff;\">Lambal\u00e6k, \u00a0Hvolsv\u00f6llur<\/span><\/p>\n<p style=\"color: #424242; font-size: 18px;\"><span style=\"color: #ffffff;\">S\u00edmi: +354 661-2503, +354 661-2504<\/span><\/p>\n<p style=\"color: #424242; font-size: 18px;\"><span style=\"color: #ffffff;\">info@atviceland.is<\/span><\/p>\n<\/div>[\/vc_column][vc_column width=&#8221;1\/2&#8243;][vc_column_text]\n<div class=\"wpcf7 no-js\" id=\"wpcf7-f3187-o1\" lang=\"en-US\" dir=\"ltr\" data-wpcf7-id=\"3187\">\n<div class=\"screen-reader-response\"><p role=\"status\" aria-live=\"polite\" aria-atomic=\"true\"><\/p> <ul><\/ul><\/div>\n<form action=\"\/en\/wp-json\/wp\/v2\/pages\/2896#wpcf7-f3187-o1\" method=\"post\" class=\"wpcf7-form init\" aria-label=\"Contact form\" novalidate=\"novalidate\" data-status=\"init\">\n<fieldset class=\"hidden-fields-container\"><input type=\"hidden\" name=\"_wpcf7\" value=\"3187\" \/><input type=\"hidden\" name=\"_wpcf7_version\" value=\"6.1.5\" \/><input type=\"hidden\" name=\"_wpcf7_locale\" value=\"en_US\" \/><input type=\"hidden\" name=\"_wpcf7_unit_tag\" value=\"wpcf7-f3187-o1\" \/><input type=\"hidden\" name=\"_wpcf7_container_post\" value=\"0\" \/><input type=\"hidden\" name=\"_wpcf7_posted_data_hash\" value=\"\" \/>\n<\/fieldset>\n<p>Name\n<\/p>\n<p><span class=\"wpcf7-form-control-wrap\" data-name=\"your-name\"><input size=\"40\" maxlength=\"400\" class=\"wpcf7-form-control wpcf7-text wpcf7-validates-as-required\" aria-required=\"true\" aria-invalid=\"false\" value=\"\" type=\"text\" name=\"your-name\" \/><\/span>\n<\/p>\n<p>Email\n<\/p>\n<p><span class=\"wpcf7-form-control-wrap\" data-name=\"your-email\"><input size=\"40\" maxlength=\"400\" class=\"wpcf7-form-control wpcf7-email wpcf7-validates-as-required wpcf7-text wpcf7-validates-as-email\" aria-required=\"true\" aria-invalid=\"false\" value=\"\" type=\"email\" name=\"your-email\" \/><\/span>\n<\/p>\n<p>Titill\n<\/p>\n<p><span class=\"wpcf7-form-control-wrap\" data-name=\"your-subject\"><input size=\"40\" maxlength=\"400\" class=\"wpcf7-form-control wpcf7-text\" aria-invalid=\"false\" value=\"\" type=\"text\" name=\"your-subject\" \/><\/span>\n<\/p>\n<p>Message\n<\/p>\n<p><span class=\"wpcf7-form-control-wrap\" data-name=\"your-message\"><textarea cols=\"40\" rows=\"10\" maxlength=\"2000\" class=\"wpcf7-form-control wpcf7-textarea\" aria-invalid=\"false\" name=\"your-message\"><\/textarea><\/span>\n<\/p>\n<p><input class=\"wpcf7-form-control wpcf7-submit has-spinner\" type=\"submit\" value=\"Send\" \/>\n<\/p><p style=\"display: none !important;\" class=\"akismet-fields-container\" data-prefix=\"_wpcf7_ak_\"><label>&#916;<textarea name=\"_wpcf7_ak_hp_textarea\" cols=\"45\" rows=\"8\" maxlength=\"100\"><\/textarea><\/label><input type=\"hidden\" id=\"ak_js_1\" name=\"_wpcf7_ak_js\" value=\"215\"\/><script>document.getElementById( \"ak_js_1\" ).setAttribute( \"value\", ( new Date() ).getTime() );<\/script><\/p><div class=\"wpcf7-response-output\" aria-hidden=\"true\"><\/div>\n<\/form>\n<\/div>\n[\/vc_column_text][\/vc_column][\/vc_row][vc_row][vc_column][vc_gmaps link=&#8221;#E-8_JTNDaWZyYW1lJTIwc3JjJTNEJTIyaHR0cHMlM0ElMkYlMkZ3d3cuZ29vZ2xlLmNvbSUyRm1hcHMlMkZlbWJlZCUzRnBiJTNEJTIxMW0xOCUyMTFtMTIlMjExbTMlMjExZDcwNjAuMzM2Mjk2MzY0OTU0JTIxMmQtMjAuMDQ0Mjc0NzUyNzU4MDc4JTIxM2Q2My43NDMwNzM4MzMyMjIwNiUyMTJtMyUyMTFmMCUyMTJmMCUyMTNmMCUyMTNtMiUyMTFpMTAyNCUyMTJpNzY4JTIxNGYxMy4xJTIxM20zJTIxMW0yJTIxMXMweDQ4ZDZlMWFjNmIzNmRiOTUlMjUzQTB4OTA3MzE4OWQ2ZjQ4ZjA0NCUyMTJzTGFtYmFsJTI1QzMlMjVBNmt1ciUyMTVlMCUyMTNtMiUyMTFzZW4lMjEyc2lzJTIxNHYxNDUwMTkxOTE2Nzg5JTIyJTIwd2lkdGglM0QlMjI2MDAlMjIlMjBoZWlnaHQlM0QlMjI0NTAlMjIlMjBmcmFtZWJvcmRlciUzRCUyMjAlMjIlMjBzdHlsZSUzRCUyMmJvcmRlciUzQTAlMjIlMjBhbGxvd2Z1bGxzY3JlZW4lM0UlM0MlMkZpZnJhbWUlM0U=&#8221;][\/vc_column][\/vc_row]\n<\/div>","protected":false},"excerpt":{"rendered":"<p>[vc_row][vc_column width=&#8221;1\/2&#8243;][\/vc_column][vc_column width=&#8221;1\/2&#8243;][vc_column_text][\/vc_column_text][\/vc_column][\/vc_row][vc_row][vc_column][vc_gmaps link=&#8221;#E-8_JTNDaWZyYW1lJTIwc3JjJTNEJTIyaHR0cHMlM0ElMkYlMkZ3d3cuZ29vZ2xlLmNvbSUyRm1hcHMlMkZlbWJlZCUzRnBiJTNEJTIxMW0xOCUyMTFtMTIlMjExbTMlMjExZDcwNjAuMzM2Mjk2MzY0OTU0JTIxMmQtMjAuMDQ0Mjc0NzUyNzU4MDc4JTIxM2Q2My43NDMwNzM4MzMyMjIwNiUyMTJtMyUyMTFmMCUyMTJmMCUyMTNmMCUyMTNtMiUyMTFpMTAyNCUyMTJpNzY4JTIxNGYxMy4xJTIxM20zJTIxMW0yJTIxMXMweDQ4ZDZlMWFjNmIzNmRiOTUlMjUzQTB4OTA3MzE4OWQ2ZjQ4ZjA0NCUyMTJzTGFtYmFsJTI1QzMlMjVBNmt1ciUyMTVlMCUyMTNtMiUyMTFzZW4lMjEyc2lzJTIxNHYxNDUwMTkxOTE2Nzg5JTIyJTIwd2lkdGglM0QlMjI2MDAlMjIlMjBoZWlnaHQlM0QlMjI0NTAlMjIlMjBmcmFtZWJvcmRlciUzRCUyMjAlMjIlMjBzdHlsZSUzRCUyMmJvcmRlciUzQTAlMjIlMjBhbGxvd2Z1bGxzY3JlZW4lM0UlM0MlMkZpZnJhbWUlM0U=&#8221;][\/vc_column][\/vc_row]<\/p>\n","protected":false},"author":2,"featured_media":0,"parent":0,"menu_order":0,"comment_status":"closed","ping_status":"closed","template":"template-layout-full-width.php","meta":{"_acf_changed":false,"footnotes":""},"class_list":["post-2896","page","type-page","status-publish","hentry","no-post-thumbnail"],"acf":[],"yoast_head":"<!-- This site is optimized with the Yoast SEO plugin v27.4 - https:\/\/yoast.com\/product\/yoast-seo-wordpress\/ -->\n<title>Contact - \u00d3bygg\u00f0afer\u00f0ir<\/title>\n<meta name=\"robots\" content=\"index, follow, max-snippet:-1, max-image-preview:large, max-video-preview:-1\" \/>\n<link rel=\"canonical\" href=\"https:\/\/atviceland.is\/en\/contact\/\" \/>\n<meta property=\"og:locale\" content=\"en_US\" \/>\n<meta property=\"og:type\" content=\"article\" \/>\n<meta property=\"og:title\" content=\"Contact - \u00d3bygg\u00f0afer\u00f0ir\" \/>\n<meta property=\"og:description\" content=\"[vc_row][vc_column width=&#8221;1\/2&#8243;][\/vc_column][vc_column width=&#8221;1\/2&#8243;][vc_column_text][\/vc_column_text][\/vc_column][\/vc_row][vc_row][vc_column][vc_gmaps link=&#8221;#E-8_JTNDaWZyYW1lJTIwc3JjJTNEJTIyaHR0cHMlM0ElMkYlMkZ3d3cuZ29vZ2xlLmNvbSUyRm1hcHMlMkZlbWJlZCUzRnBiJTNEJTIxMW0xOCUyMTFtMTIlMjExbTMlMjExZDcwNjAuMzM2Mjk2MzY0OTU0JTIxMmQtMjAuMDQ0Mjc0NzUyNzU4MDc4JTIxM2Q2My43NDMwNzM4MzMyMjIwNiUyMTJtMyUyMTFmMCUyMTJmMCUyMTNmMCUyMTNtMiUyMTFpMTAyNCUyMTJpNzY4JTIxNGYxMy4xJTIxM20zJTIxMW0yJTIxMXMweDQ4ZDZlMWFjNmIzNmRiOTUlMjUzQTB4OTA3MzE4OWQ2ZjQ4ZjA0NCUyMTJzTGFtYmFsJTI1QzMlMjVBNmt1ciUyMTVlMCUyMTNtMiUyMTFzZW4lMjEyc2lzJTIxNHYxNDUwMTkxOTE2Nzg5JTIyJTIwd2lkdGglM0QlMjI2MDAlMjIlMjBoZWlnaHQlM0QlMjI0NTAlMjIlMjBmcmFtZWJvcmRlciUzRCUyMjAlMjIlMjBzdHlsZSUzRCUyMmJvcmRlciUzQTAlMjIlMjBhbGxvd2Z1bGxzY3JlZW4lM0UlM0MlMkZpZnJhbWUlM0U=&#8221;][\/vc_column][\/vc_row]\" \/>\n<meta property=\"og:url\" content=\"https:\/\/atviceland.is\/en\/contact\/\" \/>\n<meta property=\"og:site_name\" content=\"\u00d3bygg\u00f0afer\u00f0ir\" \/>\n<meta property=\"article:modified_time\" content=\"2019-07-30T15:11:02+00:00\" \/>\n<meta name=\"twitter:label1\" content=\"Est. reading time\" \/>\n\t<meta name=\"twitter:data1\" content=\"1 minute\" \/>\n<script type=\"application\/ld+json\" class=\"yoast-schema-graph\">{\"@context\":\"https:\\\/\\\/schema.org\",\"@graph\":[{\"@type\":\"WebPage\",\"@id\":\"https:\\\/\\\/atviceland.is\\\/en\\\/contact\\\/\",\"url\":\"https:\\\/\\\/atviceland.is\\\/en\\\/contact\\\/\",\"name\":\"Contact - \u00d3bygg\u00f0afer\u00f0ir\",\"isPartOf\":{\"@id\":\"https:\\\/\\\/atviceland.is\\\/#website\"},\"datePublished\":\"2014-09-27T01:41:22+00:00\",\"dateModified\":\"2019-07-30T15:11:02+00:00\",\"breadcrumb\":{\"@id\":\"https:\\\/\\\/atviceland.is\\\/en\\\/contact\\\/#breadcrumb\"},\"inLanguage\":\"en-US\",\"potentialAction\":[{\"@type\":\"ReadAction\",\"target\":[\"https:\\\/\\\/atviceland.is\\\/en\\\/contact\\\/\"]}]},{\"@type\":\"BreadcrumbList\",\"@id\":\"https:\\\/\\\/atviceland.is\\\/en\\\/contact\\\/#breadcrumb\",\"itemListElement\":[{\"@type\":\"ListItem\",\"position\":1,\"name\":\"Home\",\"item\":\"https:\\\/\\\/atviceland.is\\\/en\\\/\"},{\"@type\":\"ListItem\",\"position\":2,\"name\":\"Contact\"}]},{\"@type\":\"WebSite\",\"@id\":\"https:\\\/\\\/atviceland.is\\\/#website\",\"url\":\"https:\\\/\\\/atviceland.is\\\/\",\"name\":\"\u00d3bygg\u00f0afer\u00f0ir\",\"description\":\"Spennandi fj\u00f3rhj\u00f3lafer\u00f0ir \u00ed gullfallegu umhverfi\",\"potentialAction\":[{\"@type\":\"SearchAction\",\"target\":{\"@type\":\"EntryPoint\",\"urlTemplate\":\"https:\\\/\\\/atviceland.is\\\/?s={search_term_string}\"},\"query-input\":{\"@type\":\"PropertyValueSpecification\",\"valueRequired\":true,\"valueName\":\"search_term_string\"}}],\"inLanguage\":\"en-US\"}]}<\/script>\n<!-- \/ Yoast SEO plugin. -->","yoast_head_json":{"title":"Contact - \u00d3bygg\u00f0afer\u00f0ir","robots":{"index":"index","follow":"follow","max-snippet":"max-snippet:-1","max-image-preview":"max-image-preview:large","max-video-preview":"max-video-preview:-1"},"canonical":"https:\/\/atviceland.is\/en\/contact\/","og_locale":"en_US","og_type":"article","og_title":"Contact - \u00d3bygg\u00f0afer\u00f0ir","og_description":"[vc_row][vc_column width=&#8221;1\/2&#8243;][\/vc_column][vc_column width=&#8221;1\/2&#8243;][vc_column_text][\/vc_column_text][\/vc_column][\/vc_row][vc_row][vc_column][vc_gmaps link=&#8221;#E-8_JTNDaWZyYW1lJTIwc3JjJTNEJTIyaHR0cHMlM0ElMkYlMkZ3d3cuZ29vZ2xlLmNvbSUyRm1hcHMlMkZlbWJlZCUzRnBiJTNEJTIxMW0xOCUyMTFtMTIlMjExbTMlMjExZDcwNjAuMzM2Mjk2MzY0OTU0JTIxMmQtMjAuMDQ0Mjc0NzUyNzU4MDc4JTIxM2Q2My43NDMwNzM4MzMyMjIwNiUyMTJtMyUyMTFmMCUyMTJmMCUyMTNmMCUyMTNtMiUyMTFpMTAyNCUyMTJpNzY4JTIxNGYxMy4xJTIxM20zJTIxMW0yJTIxMXMweDQ4ZDZlMWFjNmIzNmRiOTUlMjUzQTB4OTA3MzE4OWQ2ZjQ4ZjA0NCUyMTJzTGFtYmFsJTI1QzMlMjVBNmt1ciUyMTVlMCUyMTNtMiUyMTFzZW4lMjEyc2lzJTIxNHYxNDUwMTkxOTE2Nzg5JTIyJTIwd2lkdGglM0QlMjI2MDAlMjIlMjBoZWlnaHQlM0QlMjI0NTAlMjIlMjBmcmFtZWJvcmRlciUzRCUyMjAlMjIlMjBzdHlsZSUzRCUyMmJvcmRlciUzQTAlMjIlMjBhbGxvd2Z1bGxzY3JlZW4lM0UlM0MlMkZpZnJhbWUlM0U=&#8221;][\/vc_column][\/vc_row]","og_url":"https:\/\/atviceland.is\/en\/contact\/","og_site_name":"\u00d3bygg\u00f0afer\u00f0ir","article_modified_time":"2019-07-30T15:11:02+00:00","twitter_misc":{"Est. reading time":"1 minute"},"schema":{"@context":"https:\/\/schema.org","@graph":[{"@type":"WebPage","@id":"https:\/\/atviceland.is\/en\/contact\/","url":"https:\/\/atviceland.is\/en\/contact\/","name":"Contact - \u00d3bygg\u00f0afer\u00f0ir","isPartOf":{"@id":"https:\/\/atviceland.is\/#website"},"datePublished":"2014-09-27T01:41:22+00:00","dateModified":"2019-07-30T15:11:02+00:00","breadcrumb":{"@id":"https:\/\/atviceland.is\/en\/contact\/#breadcrumb"},"inLanguage":"en-US","potentialAction":[{"@type":"ReadAction","target":["https:\/\/atviceland.is\/en\/contact\/"]}]},{"@type":"BreadcrumbList","@id":"https:\/\/atviceland.is\/en\/contact\/#breadcrumb","itemListElement":[{"@type":"ListItem","position":1,"name":"Home","item":"https:\/\/atviceland.is\/en\/"},{"@type":"ListItem","position":2,"name":"Contact"}]},{"@type":"WebSite","@id":"https:\/\/atviceland.is\/#website","url":"https:\/\/atviceland.is\/","name":"\u00d3bygg\u00f0afer\u00f0ir","description":"Spennandi fj\u00f3rhj\u00f3lafer\u00f0ir \u00ed gullfallegu umhverfi","potentialAction":[{"@type":"SearchAction","target":{"@type":"EntryPoint","urlTemplate":"https:\/\/atviceland.is\/?s={search_term_string}"},"query-input":{"@type":"PropertyValueSpecification","valueRequired":true,"valueName":"search_term_string"}}],"inLanguage":"en-US"}]}},"_links":{"self":[{"href":"https:\/\/atviceland.is\/en\/wp-json\/wp\/v2\/pages\/2896","targetHints":{"allow":["GET"]}}],"collection":[{"href":"https:\/\/atviceland.is\/en\/wp-json\/wp\/v2\/pages"}],"about":[{"href":"https:\/\/atviceland.is\/en\/wp-json\/wp\/v2\/types\/page"}],"author":[{"embeddable":true,"href":"https:\/\/atviceland.is\/en\/wp-json\/wp\/v2\/users\/2"}],"replies":[{"embeddable":true,"href":"https:\/\/atviceland.is\/en\/wp-json\/wp\/v2\/comments?post=2896"}],"version-history":[{"count":5,"href":"https:\/\/atviceland.is\/en\/wp-json\/wp\/v2\/pages\/2896\/revisions"}],"predecessor-version":[{"id":3291,"href":"https:\/\/atviceland.is\/en\/wp-json\/wp\/v2\/pages\/2896\/revisions\/3291"}],"wp:attachment":[{"href":"https:\/\/atviceland.is\/en\/wp-json\/wp\/v2\/media?parent=2896"}],"curies":[{"name":"wp","href":"https:\/\/api.w.org\/{rel}","templated":true}]}}